{"id":6821,"date":"2024-10-15T19:50:05","date_gmt":"2024-10-15T17:50:05","guid":{"rendered":"https:\/\/vanbauseneick.de\/krautnick\/?page_id=6821"},"modified":"2024-10-15T19:59:39","modified_gmt":"2024-10-15T17:59:39","slug":"20-jahre-krautnick-20-songs-aus-20-jahren-guido-doerheide","status":"publish","type":"page","link":"https:\/\/vanbauseneick.de\/krautnick\/20-jahre-krautnick\/20-jahre-krautnick-20-songs-aus-20-jahren-guido-doerheide\/","title":{"rendered":"Guido D\u00f6rheide"},"content":{"rendered":"\n<figure class=\"wp-block-image size-large\"><a href=\"http:\/\/vanbauseneick.de\/krautnick\/wp-content\/uploads\/2024\/10\/20-Jahre-KN-34-scaled.jpg\"><img loading=\"lazy\" decoding=\"async\" width=\"1024\" height=\"683\" src=\"https:\/\/vanbauseneick.de\/krautnick\/wp-content\/uploads\/2024\/10\/20-Jahre-KN-34-1024x683.jpg\" alt=\"\" class=\"wp-image-6811\" srcset=\"https:\/\/vanbauseneick.de\/krautnick\/wp-content\/uploads\/2024\/10\/20-Jahre-KN-34-1024x683.jpg 1024w, https:\/\/vanbauseneick.de\/krautnick\/wp-content\/uploads\/2024\/10\/20-Jahre-KN-34-300x200.jpg 300w, https:\/\/vanbauseneick.de\/krautnick\/wp-content\/uploads\/2024\/10\/20-Jahre-KN-34-768x512.jpg 768w, https:\/\/vanbauseneick.de\/krautnick\/wp-content\/uploads\/2024\/10\/20-Jahre-KN-34-1536x1024.jpg 1536w\" sizes=\"auto, (max-width: 1024px) 100vw, 1024px\" \/><\/a><\/figure>\n\n\n\n<p><strong>20 Jahre KrautNick \u2013 20 Songs aus 20 Jahren<\/strong><\/p>\n\n\n\n<p>Im Vorfeld der Radiosendung \u201e20 Jahre KrautNick\u201c auf Radio Okerwelle 104,6 am 12.10.2024 bin ich beigegangen und habe 20 Songs aus 20 Jahren herausgesucht (in dem Wissen, dass die drei Stunden Sendezeit nicht ausreichen werden, um alle Songs zu spielen). Lesen Sie hier meine Begr\u00fcndung f\u00fcr die Auswahl und erfahren Sie, welche Songs es sendezeitbedingt nicht \u00fcber den \u00c4ther geschafft haben (die gespielten habe ich mit einem Sternchen markiert):<\/p>\n\n\n\n<p><strong>*2004 \u2013 Denk \u2013 Bringts ma irgendwer a Achtl<\/strong><\/p>\n\n\n\n<p>Auf Birgit Denk bin ich mal durch Zufall im Urlaub in S\u00fcdtirol gesto\u00dfen, als in einem Lokalradio \u201eHat net sein soll\u2019n\u201c von ihr und Gert Steinb\u00e4cker (dem ersten \u201eS\u201c von STS) gespielt wurde. Die damalige Familie war zumindest am\u00fcsiert (und eine der T\u00f6chter konnte ich eine Zeitlang f\u00fcr \u201eGro\u00dfvater\u201c von STS begeistern) \u2013 ich hingegen war hin, weg und verzaubert und bin bei Birgit Denks selbstbetitelter Band \u201eDenk\u201c dann mal drangeblieben. Der Song mit dem Achtel ist eine tolle Coverversion von \u201eSomebody Bring Me Some Water\u201c von Melissa Etheridge.<\/p>\n\n\n\n<p><strong>*2005 \u2013 The Fall \u2013 Pacifying Joint (Fall Heads Roll)<\/strong><\/p>\n\n\n\n<p>The Fall. Meine Lieblingsband. \u201ePacifying Joint\u201c vom gro\u00dfartigen 2005er Album \u201eFall Heads Roll\u201c hat alles, was ein Fall-Song braucht: Den typischen Gesang von Mark E. Smith, jede Menge Schr\u00e4gheit und trotzdem irgendwie etwas Treibendes.<\/p>\n\n\n\n<p><strong>2006 \u2013 Neil Young \u2013 Let\u2019s Impeach The President (Living With War \u2013 In The Beginning)<\/strong><\/p>\n\n\n\n<p>Wenn schon \u201eLiving With War\u201c, dann am Liebsten die \u201eIn The Beginning\u201c-Version ohne Ch\u00f6re und sonstiges Ged\u00f6ns. Das Album ist damals, glaube ich, nicht so sehr eingeschlagen, ich fand es aber toll und wichtig. Und an \u201eLet\u2019s Impeach The President\u201c, der furiosen Abrechnung mit Geroge Dubyah Bush, f\u00fchrt hier kein Weg vorbei. Dass einige Jahre sp\u00e4ter ein widerlicher Wichser zum Pr\u00e4sidenten gew\u00e4hlt wurde, der das Schurkentum von Nixon, Reagan und Bush jr. noch um Lichtjahre in den Schatten stellen w\u00fcrde, konnte ja damals niemand wissen.<\/p>\n\n\n\n<p><strong>2007 \u2013 Happy Mondays \u2013 Dr Dick (Uncle Dysfunctional)<\/strong><\/p>\n\n\n\n<p>Na klar, die Happy Mondays aus Manchester haben mit \u201eBummed\u201c und \u201ePills\u2019n\u2019Thrills And Bellyaches\u201c ihre \u201eSeargant Pepper\u2019s\u201c abgeliefert, das nachfolgende (und gar nicht mal schlechte) \u201eYes Please!\u201c wurde entt\u00e4uscht aufgenommen und \u201eUncle Dysfunctional\u201c 15 Jahre sp\u00e4ter ging komplett unter, ist aber auch gar nicht mal schlecht. Setzen wir hier also mal den sp\u00e4ten Mondays ein Denkmal.<\/p>\n\n\n\n<p>Ich habe lange gezaudert ob der Auswahl des Songs, da das ganze Album unerwartet stark ist, und mich dann f\u00fcr \u201eDr Dick\u201c entschieden: Der langsame Einstieg mit der verdudelten Gitarre und dann Shaun Ryders superverschlurfter Gesang mit ihn ihm seinen typischen Mancunian-Dialekt, mit diesem Song mache ich nichts falsch, denke ich mal.<\/p>\n\n\n\n<p><strong>*2008 \u2013 Elvis Costello \u2013 Pardon Me, Madam, My Name Is Eve (Momofuku)<\/strong><\/p>\n\n\n\n<p>\u201eDedicated to Momofuku Ando \u2013 he fed those who studied\u201c \u2013 yess, alleine f\u00fcr diese Widmung an den Erfinder der Instant-Nudeln und Gr\u00fcnder der Nissin Food Corporation, Momofuku Ando, feiere ich dieses Album. Und es ist auch nicht Costellos schlechtestes \u2013 es hat Schmackes, geht ins Ohr und macht Laune ohne Ende.<\/p>\n\n\n\n<p>\u201ePardon Me Madam, My Name Is Eve\u201c ist ein ruhiger Song, auf dem Costellos Stimme gut zur Geltung kommt und der mich irgendwie an seine fr\u00fchen Sachen (\u201eAlison\u201c zum Beispiel) oder an sein stimmtlich und kompositorisch sehr \u00fcberzeugendes 1994er Album \u201eBrutal Youth\u201c, das mich dereinst zum entschiedenen Bef\u00fcrworter Costellos machte, erinnert.<\/p>\n\n\n\n<p>Auf den Umstand, dass es Momofuku Ando war, der die Instant-Nudel erfunden hat, machte mich \u00fcbrigens niemand Geringeres als Dittsche aufmerksam, der dem zuvor Verstorbenen in seiner Sendung im Januar 2007 ein Denkmal setzte. Im Folgejahr zog Costello dann nach.<\/p>\n\n\n\n<p><strong>2009 \u2013 Element Of Crime \u2013 Kopf aus dem Fenster (Immer da wo Du bist bin ich nie)<\/strong><\/p>\n\n\n\n<p>Element Of Crime sind seit 1991, dem Jahr, in dem sie mit \u201eDamals hinterm Mond\u201c begannen, komplett deutschsprachige Alben aufzunehmen, ein tolles Ph\u00e4nomen. Poetische Texte, teils rotziger Vortrag, viel Trompete und \u00fcberhaupt viel von dem, was man im Deutschrock, im deutschsprachigen Alternative, im Postpunk, im Pop und sonstwo nicht erwartet. Ich habe hier mal das Er\u00f6ffnungsst\u00fcck des 2009er Albums der Berliner Kapelle um den Bremer Sven Regener herausgegriffen, zwar ohne Trompete, aber es geht gut nach vorne, Regener sing sch\u00f6\u00f6n rauh und rotzig und haut Zeilen raus, f\u00fcr die man ihn einfach feiern muss.<\/p>\n\n\n\n<p><strong>2010 \u2013 Alien Sex Fiend \u2013 One Way Ticket (Death Trip)<\/strong><\/p>\n\n\n\n<p>Alien Sex Fiend verbinden Punk, Psychedelic, Gothic und Elektronik mit wirren Ger\u00e4uschen und einer verst\u00f6rend-psychotischen B\u00fchnenshow. Nik Fiend und Mrs Fiend (Nicholas Wade und Christine Wade) geh\u00f6ren eigentlich in die 80er und die fr\u00fchen 90er, lange Jahre dachte ich auch, es k\u00e4me nichts mehr von den beiden und ihren wechselnden Mitmusikern. Umso sch\u00f6ner, dass ich sie hier zur Playlist mit einem sch\u00f6nen St\u00fcck Musik aus der KrautNick-\u00c4ra hinzuf\u00fcgen kann, das alles beinhaltet, f\u00fcr das ich ASF seit \u00fcber 30 Jahren liebe.<\/p>\n\n\n\n<p><strong>2011 \u2013 Tom Waits \u2013 Chicago (Bad As Me)<\/strong><\/p>\n\n\n\n<p>Bis \u201eThe Black Rider\u201c (1993) hat Waits alle ein bis zwei Jahre ein Album ver\u00f6ffentlicht und man war das derart gewohnt, dass man es nicht feierte und lobpreiste. Dann machte er sich rar: Bis \u201eMule Variations\u201c vergingen vier Jahre, 2002 erschienen mit \u201eAlice\u201c und \u201eBlood Money\u201c gleich zwei Alben, 2004 das hier angespielte \u201eReal Gone\u201c, 2011 noch \u201eBad As Me\u201c und seitdem ist Ruhe. Wenn wir von gelegentlichen Gro\u00dftaten wie \u201eBella Ciao\u201c auf Marc Ribots 2018er Album \u201eSongs Of Resistance 1942 \u2013 2018\u201c absehen, das hier auch noch Abspielung finden wird.<\/p>\n\n\n\n<p>Ich w\u00e4hle hier mal \u201eChicago\u201c von Waits\u2019 bislang letztem Album aus. Es k\u00f6nnte auch auf einem der neueren Tom-Jones-Alben verortet sein, w\u00e4re da nicht Waits\u2019 kaputter Gesang und dieser immer irgendwie krank klingende Blues, den Waits mit Captain Beefheart gemein hat.<\/p>\n\n\n\n<p><strong>*2012 \u2013 Dinosaur Jr. \u2013 Watch The Corners (I Bet On Sky)<\/strong><\/p>\n\n\n\n<p>Wer sieht aus wie der mittelalte Helmut Kohl mit langen, grauen Haaren und spielt gef\u00fchlt alle 30 Sekunden ein Solo? Richtig \u2013 J Mascis von Dinosaur Jr. Dazu singt er auch noch kratzig-n\u00f6lig wie in seinen besten Zeiten in dern 80ern \u2013 Dinosaur ist sch\u00f6ne Kindheitserinnerung und gro\u00dfartige zeitgen\u00f6ssische Gitarren-Indie-Musik, die den Grunge \u00fcberdauert hat und gut gealtert ist, in einem.<\/p>\n\n\n\n<p><strong>*2013 \u2013 De Staat \u2013 Witch Doctor (I-Con)<\/strong><\/p>\n\n\n\n<p>De Staat ist so ein rekursives KrautNick-Ding: Matze machte mich einst auf die Band aufmerksam, indem er mir \u201eKitty Kitty\u201c vorspielte und dazu meinte, au\u00dfer diesem Song h\u00e4tten de Staat nichts Bewundernswertes gemacht. Ich machte ihn dann auf \u201eWitch Doctor\u201c aufmerksam und dann begannen wir beide die skurille, schlagzeugorientierte niederl\u00e4ndische Band um den \u2013 und das ist hier keine \u00dcbertreibung \u2013 charismatischen Frontmann Torre Florim zu lieben, was in einem gemeinsamen Konzertbesuch in Hannover im April 2023 gipfelte \u2013 nachzulesen auf KrautNick!<\/p>\n\n\n\n<p><strong>*2014 \u2013 Kurt Ostbahn und die Musiker seines Vertrauens \u2013 I waas gnua (Live auf der Kaiserwiese 2014)<\/strong><\/p>\n\n\n\n<p>Ja, der Ostbahn-Kurti, der es von einer Idee des Journalisten G\u00fcnter Br\u00f6dl zum leibhaftigen Boss des Austro-Rocks schaffte, ist leider 2022 verstorben. Willi Resetarits coverte sich mit einer gro\u00dfartigen Band durch die Rockgeschichte der Welt und traf den Geist der Originale mit seinen im Wiener Schm\u00e4h (OK, das ist jetzt arg vereinfacht, Resetarits war Burgenlandkroate) gehaltenen \u00dcbersetzungen oft besser als sie selbst. Und nun h\u00f6ren Sie selbst.<\/p>\n\n\n\n<p><strong>*2015 \u2013 Napalm Death \u2013 How The Years Condemn (Apex Predator \u2013 Easy Meat)<\/strong><\/p>\n\n\n\n<p>Napalm Death sind seit Jahrzehnten eine Bank im Grindcore, und Grindcore kann man auch immer gut h\u00f6ren, wenn man Death Metal mag. Auf \u201eHow The Years Condemn\u201c kann man den Bass von Shane Embury am Anfang gut h\u00f6ren und kriegt auch mit, dass die Band nicht einfach nur Krach macht, sondern wei\u00df, was sie tut.<\/p>\n\n\n\n<p><strong>*2016 \u2013 Voodoo J\u00fcrgens \u2013 Heite grob ma Tote aus (Ansa Woar)<\/strong><\/p>\n\n\n\n<p>Nicht nur Blixa Bargeld, Schorsch Kamerun und Gottlieb Wendehals haben sich bescheuerte K\u00fcnstlernamen ausgedacht \u2013 David \u00d6llerer aus Tulln an der Donau spielt, was das betrifft, in der ganz hohen Liga des urst Abgeschmackten. Was ihn nicht davon abh\u00e4lt, ein ganz hervorragendes Album nach dem anderen rauszuhauen, und \u201eHeite grob ma Tote aus\u201c ist sein bisher gr\u00f6\u00dfter Hit und einer der besten Songs, die sich jemals in \u00d6sterreich ausgedacht wurden.<\/p>\n\n\n\n<p><strong>2017 \u2013 Der Nino aus Wien \u2013 Tr\u00e4nen machen wach (Wach)<\/strong><\/p>\n\n\n\n<p>In eine \u00e4hnliche Kerbe haut der \u201eDylan vom Praterstern\u201c \u2013 Nino Mandl \u2013 sowohl von der Wahl des K\u00fcnstlernamens als auch von der Musik und von der Gro\u00dfartigkeit her. Hier nun echter Wiener Schm\u00e4h, Musik zwischen Austro-Rock, Wienerlied, Singer-Songwriter und Post-Pop-Irgendwas, mit im Ged\u00e4chtnis bleibender Stimme.<\/p>\n\n\n\n<p><strong>*2018 \u2013 Marc Ribot \u2013 Bella Ciao (Goodbye Beautiful) (Songs Of Resistance 1942 \u2013 2018)<\/strong><\/p>\n\n\n\n<p>Ich habe gekotzt, als das italienische Partisanenlied \u201eBella Ciao\u201c vor einigen Jahren als Dancefloor-Song verhunzt wurde. Die vorliegende Version von Marc Ribot mit Tom Waits am Gesang wird dem Original wesentlich gerechter. Ribot hat seit den 80ern (beispielsweise auf \u201eRain Dogs\u201c) immer wieder bei Tom Waits Gitarre gespielt, er ist Linksh\u00e4nder und spielt auf einer Rechtsh\u00e4nder-Gitarre, das unter anderem macht seinen speziellen Sound aus.<\/p>\n\n\n\n<p><strong>2019 \u2013 Billy Nomates \u2013 No (No)<\/strong><\/p>\n\n\n\n<p>Billy Nomates (b\u00fcrgerlich Tor Maries) tr\u00e4gt eine Vokuhila-Frisur und h\u00f6rt sich an wie eine Mischung aus den Sleaford Mods (mit denen sie das tolle \u201eMork\u2019n Mindy\u201c aufgenommen hat) und Anne Clark. \u201eNo\u201c ist ein gro\u00dfartiger Song, der die Bedeutung und die Wichtigkeit des in weiten Teilen der Gesellschaft weitgehend unbekannten Wortes \u201eNein\u201c gro\u00dfartig verdeutlicht.<\/p>\n\n\n\n<p><strong>2020 \u2013 Run The Jewels \u2013 Ooh LA LA (RTJ4)<\/strong><\/p>\n\n\n\n<p>Es gibt noch richtigen, politisch korrekten Gangsta-Rap mit ansprechender Musik, wie sch\u00f6n! Nichts gegen Kendrick Lamar und wie sie alle hei\u00dfen, aber mich pers\u00f6nlich (als alten Fan von Ice-T, Biggie Smalls. Public Enemy und N.W.A.) sprechen Killer Mike und El-P wesentlich mehr an. Im Zusammenhang mit \u201eI can\u2019t breathe\u201c haben RTJ sehr verdient sehr viel Ruhm bekommen.<\/p>\n\n\n\n<p><strong>*2021 \u2013 Tom Jones \u2013 One Hell Of A Life (Surrounded by Time \u2013 Hourglass Edition)<\/strong><\/p>\n\n\n\n<p>Mein pers\u00f6nlicher G\u00e4nsehautmoment im 2024er Tom-Jones-Konzert in Hannover, nachzulesen auf KrautNick.de!<\/p>\n\n\n\n<p><strong>2022 \u2013 Johnny Marr &#8211; Counter Clock World (Fever Dreams Pt. 1-4)<\/strong><\/p>\n\n\n\n<p>Wollen wir eine Smiths-Reunion? Ich hoffe doch nicht, denn das Werk der gro\u00dfen Band aus Manchester mit dem damals noch nur unsympathischen egozentrischen Fontmann Morrissey sollte man nicht verhunzen d\u00fcrfen. Morrisseys Soloalben sind durchweg gut, egal wie Schei\u00dfe der K\u00fcnstler auch ist, und seit 2013 ver\u00f6ffentlicht auch Johnny Marr in regelm\u00e4\u00dfigen Abst\u00e4nden tolle Soloalben. Dass er selber singt und nicht Morrissey, finde ich gar nicht schlimm. Er singt bestimmt besser, als Morrissey Gitarre spielt, und au\u00dferdem\u2026 She said &#8222;Eh, I know and you cannot sing!&#8220; I said: &#8222;That&#8217;s nothing, you should hear me play piano!\u201c, um doch nochmal Morrissey zu zitieren.<\/p>\n\n\n\n<p><strong>*2023 \u2013 Automat &amp; Gemma Ray \u2013 I Was Never Here (Heat)<\/strong><\/p>\n\n\n\n<p>Diesen Song habe ich zuerst im H\u00f6rspiel \u201eSarah Jane\u201c, nach einem schwarzen Krimi von James Sallis, geh\u00f6rt und war von Gemma Rays Stimme und der Melodie des Liedes unheimlich begeistert. H\u00f6rspiele, Podcasts und H\u00f6rb\u00fccher begleiten mich minnichstens zweimal pro Woche, wenn ich mir dem Kraftwagen vom Oberharz in die s\u00fcdostnieders\u00e4chsische L\u00f6wenstadtmetropole (\u201eDie Sommer Erleben Stadt\u201c ist das Stichwort) pilgere, um dort meinem Tagwerk nachzugehehen.<\/p>\n\n\n\n<p><strong>2024 \u2013 KMFDM \u2013 Erlk\u00f6nig (LET GO)<\/strong><\/p>\n\n\n\n<p>Hihi, es zwingt einen ja niemand, zum Vorspielen das beste St\u00fcck des Jahres auszuw\u00e4hlen, also beschlie\u00dfe ich den munteren Reigen hier mit der KMFDM-Version eines der schmierigsten Opusse des Dichterf\u00fcrsten (\u201eEr war ja auch Minister, dr\u00fcben in der Ostzone\u201c, wie schon Adolf Tegtmeyer wusste).<\/p>\n","protected":false},"excerpt":{"rendered":"<p>20 Jahre KrautNick \u2013 20 Songs aus 20 Jahren Im Vorfeld der Radiosendung \u201e20 Jahre KrautNick\u201c auf Radio Okerwelle 104,6 am 12.10.2024 bin ich beigegangen und habe 20 Songs aus 20 Jahren herausgesucht (in dem Wissen, dass die drei Stunden &hellip; <a href=\"https:\/\/vanbauseneick.de\/krautnick\/20-jahre-krautnick\/20-jahre-krautnick-20-songs-aus-20-jahren-guido-doerheide\/\">Weiterlesen <span class=\"meta-nav\">&rarr;<\/span><\/a><\/p>\n","protected":false},"author":1,"featured_media":0,"parent":6819,"menu_order":0,"comment_status":"closed","ping_status":"closed","template":"","meta":{"footnotes":""},"class_list":["post-6821","page","type-page","status-publish","hentry"],"_links":{"self":[{"href":"https:\/\/vanbauseneick.de\/krautnick\/wp-json\/wp\/v2\/pages\/6821","targetHints":{"allow":["GET"]}}],"collection":[{"href":"https:\/\/vanbauseneick.de\/krautnick\/wp-json\/wp\/v2\/pages"}],"about":[{"href":"https:\/\/vanbauseneick.de\/krautnick\/wp-json\/wp\/v2\/types\/page"}],"author":[{"embeddable":true,"href":"https:\/\/vanbauseneick.de\/krautnick\/wp-json\/wp\/v2\/users\/1"}],"replies":[{"embeddable":true,"href":"https:\/\/vanbauseneick.de\/krautnick\/wp-json\/wp\/v2\/comments?post=6821"}],"version-history":[{"count":2,"href":"https:\/\/vanbauseneick.de\/krautnick\/wp-json\/wp\/v2\/pages\/6821\/revisions"}],"predecessor-version":[{"id":6828,"href":"https:\/\/vanbauseneick.de\/krautnick\/wp-json\/wp\/v2\/pages\/6821\/revisions\/6828"}],"up":[{"embeddable":true,"href":"https:\/\/vanbauseneick.de\/krautnick\/wp-json\/wp\/v2\/pages\/6819"}],"wp:attachment":[{"href":"https:\/\/vanbauseneick.de\/krautnick\/wp-json\/wp\/v2\/media?parent=6821"}],"curies":[{"name":"wp","href":"https:\/\/api.w.org\/{rel}","templated":true}]}}