{"id":6819,"date":"2024-10-15T19:48:56","date_gmt":"2024-10-15T17:48:56","guid":{"rendered":"https:\/\/vanbauseneick.de\/krautnick\/?page_id=6819"},"modified":"2024-10-21T21:55:42","modified_gmt":"2024-10-21T19:55:42","slug":"20-jahre-krautnick","status":"publish","type":"page","link":"https:\/\/vanbauseneick.de\/krautnick\/20-jahre-krautnick\/","title":{"rendered":"20 Jahre KrautNick"},"content":{"rendered":"\n<p>Auf Radio Okerwelle feierten wir am Samstag, 12. Oktober 2024, zu dritt &#8211; <a href=\"https:\/\/vanbauseneick.de\/krautnick\/20-jahre-krautnick\/20-jahre-krautnick-20-songs-aus-20-jahren-guido-doerheide\/\" target=\"_blank\" rel=\"noreferrer noopener\">Guido D\u00f6rheide<\/a>, <a href=\"https:\/\/vanbauseneick.de\/krautnick\/20-jahre-krautnick\/onkel-rosebud\/\" target=\"_blank\" rel=\"noreferrer noopener\">Onkel Rosebud<\/a> und <a href=\"https:\/\/vanbauseneick.de\/krautnick\/20-jahre-krautnick\/matthias-bosenick\/\" target=\"_blank\" rel=\"noreferrer noopener\">Matthias Bosenick<\/a> (\u00fcber die Links erreicht ihr unsere jeweiligen Listen zu 20 Jahre &#8211; 20 Ereignisse!) &#8211; den 20. Geburtstag von KrautNick:<\/p>\n\n\n\n<figure class=\"wp-block-embed is-type-rich is-provider-mixcloud wp-block-embed-mixcloud wp-embed-aspect-21-9 wp-has-aspect-ratio\"><div class=\"wp-block-embed__wrapper\">\n<iframe loading=\"lazy\" hcb-fetch-image-from=\"https:\/\/www.mixcloud.com\/vanbauseneick\/20-jahre-krautnick\/\" title=\"20 Jahre Krautnick\" width=\"100%\" height=\"120\" src=\"https:\/\/www.mixcloud.com\/widget\/iframe\/?feed=https%3A%2F%2Fwww.mixcloud.com%2Fvanbauseneick%2F20-jahre-krautnick%2F&amp;hide_cover=1\" frameborder=\"0\"><\/iframe>\n<\/div><\/figure>\n\n\n\n<p>Die Playlist:<br><br>01 Blinky Blinky Computerband &#8211; Ich will nicht tanzen<br>02 Die Trottelkacker &#8211; Raumf\u00fcrst<br>03 De Staat &#8211; Witch Doctor<br>04 Rolling Stones &#8211; The Under Assistant West Coast Promotion Man<br>05 M\u00fcller &amp; die Platemeiercombo &#8211; Sie liebt den Winter<br>06 Pet Shop Boys &#8211; West End Girls<br>07 Denk &#8211; Bringts ma irgendwer a Achtl<br>08 Voodoo J\u00fcrgens &#8211; Heite grob ma Tote aus<br>09 Kurt Ostbahn &amp; Die Musiker seines Vertrauens &#8211; I waas gnua (Live)<br>10 Les Hommes Qui Wear Espandrillos &#8211; Electric Pea<br>11 The Fall &#8211; Pacifying Joint<br>12 Malcolm Middelton &#8211; A Brighter Beat<br>13 Anuseye &#8211; S.S. Abyss<br>14 Elvis Costello &amp; The Imposters &#8211; Pardon Me, Madam, My Name Is Eve<br>15 Belle &amp; Sebastian &#8211; La Pastie de la Bourgeoisie<br>16 Dinosaur Jr. &#8211; Watch The Corners<br>17 Tobi Morare &#8211; Whiplash<br>18 Pisse &#8211; Fahrradsattel<br>19 Napalm Death &#8211; How The Years Condemn<br>20 Edredon Sensible &#8211; Une bonne Soupe au Lard<br>21 Arcade Fire &#8211; Reflektor<br>22 Marc Ribot &amp; Tom Waits &#8211; Bella Ciao (Goodbye Beautiful)<br>23 \u0420\u0435\u0437\u0438\u043d\u0430 &#8211; \u0411\u043b\u0438\u0436\u0435 feat \u0415\u043b\u0435\u043d\u0430 \u0412\u043e\u0439\u043d\u0430\u0440\u043e\u0432\u0441\u043a\u0430\u044f<br>24 The Notwist &#8211; The Incredible Change Of Our Alien<br>25 Automat &#8211; I Was Never Here<br>26 Fly Cat Fly &#8211; Cat Pictures<br>27 Tom Jones &#8211; One Hell Of A Life<br>28 Nick Cave &amp; The Bad Seeds &#8211; The Weeping Song<br>29 Nac\/Hut Report &#8211; Zabawy Przez P\u0142ot<\/p>\n\n\n\n<figure class=\"wp-block-gallery has-nested-images columns-default is-cropped wp-block-gallery-1 is-layout-flex wp-block-gallery-is-layout-flex\">\n<figure class=\"wp-block-image size-large\"><a href=\"https:\/\/vanbauseneick.de\/krautnick\/wp-content\/uploads\/2024\/10\/20-Jahre-KN-34-scaled.jpg\"><img loading=\"lazy\" decoding=\"async\" width=\"1024\" height=\"683\" data-id=\"6811\" src=\"https:\/\/vanbauseneick.de\/krautnick\/wp-content\/uploads\/2024\/10\/20-Jahre-KN-34-1024x683.jpg\" alt=\"\" class=\"wp-image-6811\" srcset=\"https:\/\/vanbauseneick.de\/krautnick\/wp-content\/uploads\/2024\/10\/20-Jahre-KN-34-1024x683.jpg 1024w, https:\/\/vanbauseneick.de\/krautnick\/wp-content\/uploads\/2024\/10\/20-Jahre-KN-34-300x200.jpg 300w, https:\/\/vanbauseneick.de\/krautnick\/wp-content\/uploads\/2024\/10\/20-Jahre-KN-34-768x512.jpg 768w, https:\/\/vanbauseneick.de\/krautnick\/wp-content\/uploads\/2024\/10\/20-Jahre-KN-34-1536x1024.jpg 1536w\" sizes=\"auto, (max-width: 1024px) 100vw, 1024px\" \/><\/a><\/figure>\n\n\n\n<figure class=\"wp-block-image size-large\"><a href=\"https:\/\/vanbauseneick.de\/krautnick\/wp-content\/uploads\/2024\/10\/20-Jahre-KN-37.jpg\"><img decoding=\"async\" data-id=\"6810\" src=\"https:\/\/vanbauseneick.de\/krautnick\/wp-content\/uploads\/2024\/10\/20-Jahre-KN-37.jpg\" alt=\"\" class=\"wp-image-6810\"\/><\/a><\/figure>\n\n\n\n<figure class=\"wp-block-image size-large\"><a href=\"https:\/\/vanbauseneick.de\/krautnick\/wp-content\/uploads\/2024\/10\/20-Jahre-KN-22-scaled.jpg\"><img loading=\"lazy\" decoding=\"async\" width=\"1024\" height=\"683\" data-id=\"6805\" src=\"https:\/\/vanbauseneick.de\/krautnick\/wp-content\/uploads\/2024\/10\/20-Jahre-KN-22-1024x683.jpg\" alt=\"\" class=\"wp-image-6805\" srcset=\"https:\/\/vanbauseneick.de\/krautnick\/wp-content\/uploads\/2024\/10\/20-Jahre-KN-22-1024x683.jpg 1024w, https:\/\/vanbauseneick.de\/krautnick\/wp-content\/uploads\/2024\/10\/20-Jahre-KN-22-300x200.jpg 300w, https:\/\/vanbauseneick.de\/krautnick\/wp-content\/uploads\/2024\/10\/20-Jahre-KN-22-768x512.jpg 768w, https:\/\/vanbauseneick.de\/krautnick\/wp-content\/uploads\/2024\/10\/20-Jahre-KN-22-1536x1024.jpg 1536w\" sizes=\"auto, (max-width: 1024px) 100vw, 1024px\" \/><\/a><\/figure>\n\n\n\n<figure class=\"wp-block-image size-large\"><a href=\"https:\/\/vanbauseneick.de\/krautnick\/wp-content\/uploads\/2024\/10\/20-Jahre-KN-42-scaled.jpg\"><img loading=\"lazy\" decoding=\"async\" width=\"1024\" height=\"683\" data-id=\"6808\" src=\"https:\/\/vanbauseneick.de\/krautnick\/wp-content\/uploads\/2024\/10\/20-Jahre-KN-42-1024x683.jpg\" alt=\"\" class=\"wp-image-6808\" srcset=\"https:\/\/vanbauseneick.de\/krautnick\/wp-content\/uploads\/2024\/10\/20-Jahre-KN-42-1024x683.jpg 1024w, https:\/\/vanbauseneick.de\/krautnick\/wp-content\/uploads\/2024\/10\/20-Jahre-KN-42-300x200.jpg 300w, https:\/\/vanbauseneick.de\/krautnick\/wp-content\/uploads\/2024\/10\/20-Jahre-KN-42-768x512.jpg 768w, https:\/\/vanbauseneick.de\/krautnick\/wp-content\/uploads\/2024\/10\/20-Jahre-KN-42-1536x1024.jpg 1536w\" sizes=\"auto, (max-width: 1024px) 100vw, 1024px\" \/><\/a><\/figure>\n\n\n\n<figure class=\"wp-block-image size-large\"><a href=\"https:\/\/vanbauseneick.de\/krautnick\/wp-content\/uploads\/2024\/10\/20-Jahre-KN-33-scaled.jpg\"><img loading=\"lazy\" decoding=\"async\" width=\"1024\" height=\"683\" data-id=\"6807\" src=\"https:\/\/vanbauseneick.de\/krautnick\/wp-content\/uploads\/2024\/10\/20-Jahre-KN-33-1024x683.jpg\" alt=\"\" class=\"wp-image-6807\" srcset=\"https:\/\/vanbauseneick.de\/krautnick\/wp-content\/uploads\/2024\/10\/20-Jahre-KN-33-1024x683.jpg 1024w, https:\/\/vanbauseneick.de\/krautnick\/wp-content\/uploads\/2024\/10\/20-Jahre-KN-33-300x200.jpg 300w, https:\/\/vanbauseneick.de\/krautnick\/wp-content\/uploads\/2024\/10\/20-Jahre-KN-33-768x512.jpg 768w, https:\/\/vanbauseneick.de\/krautnick\/wp-content\/uploads\/2024\/10\/20-Jahre-KN-33-1536x1024.jpg 1536w\" sizes=\"auto, (max-width: 1024px) 100vw, 1024px\" \/><\/a><\/figure>\n\n\n\n<figure class=\"wp-block-image size-large\"><a href=\"https:\/\/vanbauseneick.de\/krautnick\/wp-content\/uploads\/2024\/10\/20-Jahre-KN-44-scaled.jpg\"><img loading=\"lazy\" decoding=\"async\" width=\"1024\" height=\"683\" data-id=\"6809\" src=\"https:\/\/vanbauseneick.de\/krautnick\/wp-content\/uploads\/2024\/10\/20-Jahre-KN-44-1024x683.jpg\" alt=\"\" class=\"wp-image-6809\" srcset=\"https:\/\/vanbauseneick.de\/krautnick\/wp-content\/uploads\/2024\/10\/20-Jahre-KN-44-1024x683.jpg 1024w, https:\/\/vanbauseneick.de\/krautnick\/wp-content\/uploads\/2024\/10\/20-Jahre-KN-44-300x200.jpg 300w, https:\/\/vanbauseneick.de\/krautnick\/wp-content\/uploads\/2024\/10\/20-Jahre-KN-44-768x512.jpg 768w, https:\/\/vanbauseneick.de\/krautnick\/wp-content\/uploads\/2024\/10\/20-Jahre-KN-44-1536x1024.jpg 1536w\" sizes=\"auto, (max-width: 1024px) 100vw, 1024px\" \/><\/a><\/figure>\n\n\n\n<figure class=\"wp-block-image size-large\"><a href=\"https:\/\/vanbauseneick.de\/krautnick\/wp-content\/uploads\/2024\/10\/20-Jahre-KN-51-scaled.jpg\"><img loading=\"lazy\" decoding=\"async\" width=\"1024\" height=\"683\" data-id=\"6802\" src=\"https:\/\/vanbauseneick.de\/krautnick\/wp-content\/uploads\/2024\/10\/20-Jahre-KN-51-1024x683.jpg\" alt=\"\" class=\"wp-image-6802\" srcset=\"https:\/\/vanbauseneick.de\/krautnick\/wp-content\/uploads\/2024\/10\/20-Jahre-KN-51-1024x683.jpg 1024w, https:\/\/vanbauseneick.de\/krautnick\/wp-content\/uploads\/2024\/10\/20-Jahre-KN-51-300x200.jpg 300w, https:\/\/vanbauseneick.de\/krautnick\/wp-content\/uploads\/2024\/10\/20-Jahre-KN-51-768x512.jpg 768w\" sizes=\"auto, (max-width: 1024px) 100vw, 1024px\" \/><\/a><\/figure>\n\n\n\n<figure class=\"wp-block-image size-large\"><a href=\"https:\/\/vanbauseneick.de\/krautnick\/wp-content\/uploads\/2024\/10\/20-Jahre-KN-26-scaled.jpg\"><img loading=\"lazy\" decoding=\"async\" width=\"1024\" height=\"683\" data-id=\"6803\" src=\"https:\/\/vanbauseneick.de\/krautnick\/wp-content\/uploads\/2024\/10\/20-Jahre-KN-26-1024x683.jpg\" alt=\"\" class=\"wp-image-6803\" srcset=\"https:\/\/vanbauseneick.de\/krautnick\/wp-content\/uploads\/2024\/10\/20-Jahre-KN-26-1024x683.jpg 1024w, https:\/\/vanbauseneick.de\/krautnick\/wp-content\/uploads\/2024\/10\/20-Jahre-KN-26-300x200.jpg 300w, https:\/\/vanbauseneick.de\/krautnick\/wp-content\/uploads\/2024\/10\/20-Jahre-KN-26-768x512.jpg 768w, https:\/\/vanbauseneick.de\/krautnick\/wp-content\/uploads\/2024\/10\/20-Jahre-KN-26-1536x1024.jpg 1536w\" sizes=\"auto, (max-width: 1024px) 100vw, 1024px\" \/><\/a><\/figure>\n\n\n\n<figure class=\"wp-block-image size-large\"><a href=\"https:\/\/vanbauseneick.de\/krautnick\/wp-content\/uploads\/2024\/10\/20-Jahre-KN-53-scaled.jpg\"><img loading=\"lazy\" decoding=\"async\" width=\"1024\" height=\"683\" data-id=\"6801\" src=\"https:\/\/vanbauseneick.de\/krautnick\/wp-content\/uploads\/2024\/10\/20-Jahre-KN-53-1024x683.jpg\" alt=\"\" class=\"wp-image-6801\" srcset=\"https:\/\/vanbauseneick.de\/krautnick\/wp-content\/uploads\/2024\/10\/20-Jahre-KN-53-1024x683.jpg 1024w, https:\/\/vanbauseneick.de\/krautnick\/wp-content\/uploads\/2024\/10\/20-Jahre-KN-53-300x200.jpg 300w, https:\/\/vanbauseneick.de\/krautnick\/wp-content\/uploads\/2024\/10\/20-Jahre-KN-53-768x512.jpg 768w, https:\/\/vanbauseneick.de\/krautnick\/wp-content\/uploads\/2024\/10\/20-Jahre-KN-53-1536x1024.jpg 1536w\" sizes=\"auto, (max-width: 1024px) 100vw, 1024px\" \/><\/a><\/figure>\n<\/figure>\n\n\n\n<p><strong>20 Jahre KrautNick<\/strong><br><br>Von Matthias Bosenick (21.10.2024)<br><br>Eines Tages fragte mich Olaf Krautwurst, ob ich nicht Lust h\u00e4tte, ein Online-Musikmagazin zu gr\u00fcnden. Hatte ich sehr, schlie\u00dflich ruhten meine journalistischen Aktivit\u00e4ten mangels Auftraggeber oder Abnehmer seit zwei Jahren \u2013 als n\u00e4mlich das Wolfsburger Stadtmagazin \u201eindigo\u201c vom Braunschweiger Stadtmagazin \u201eSubway\u201c aufgekauft und mir mein Zust\u00e4ndigkeitsbereich entzogen wurde, n\u00e4mlich, Musik- und Filmrezensionen schreiben, was ich, zun\u00e4chst auch mit Guido D\u00f6rheide, f\u00fcr die Wolfsburger sieben Jahre lang unternahm, ausgel\u00f6st durch einen Wettbewerbsgewinn und ein Interview mit Die Trottelkacker, beides im Verbund mit Michael Arendt. Also Neustart unter eigener Regie, zusammen mit Olaf. Wir einigten uns als Namen f\u00fcr das Magazin auf eine anteilige Kombination unserer Nachnamen; BoseWurst kam nicht in Frage, also KrautNick.<br><br>Im Oktober 2004 gingen die ersten Rezensionen von uns beiden online, so einfach l\u00e4sst sich das nicht mehr rekonstruieren, weil die alte html-Version der Seite aus technischen Gr\u00fcnden zusammengefasst werden musste und nicht chronologisch sortiert ist. Von Olaf d\u00fcrfte ein fr\u00fcher Text der zum Rerelease von \u201eIf I Die, I Die\u201c von den Virgin Prunes sein, von mir ein Live-Bericht zu The Nightingales, Supercrush und Les Hommes Qui Wear Espandrillos in Hannover. Meine erste CD-Rezension war die zur \u201eChaos For Breakfast\u201c-Box von Killing Joke, mein erster Film \u201eLand Of Plenty\u201c von Wim Wenders, mein erstes Buch \u201eDorfpunks\u201c von Rocko Schamoni. Bereits im ersten Monat schrieb auch Guido seinen ersten Artikel f\u00fcr KrautNick, \u00fcber das Album \u201eInferno\u201c von Mot\u00f6rhead.<br><br>Die n\u00e4chsten Etappen blieben einmalig: Am 9. April 2005 richteten wir \u2013 Olaf und ich \u2013 die KrautNick-Party im B58 aus, inhaltlich im Grunde eine Vorahnung zur Indie-\u00dc30-Party, die Henrik Brockelmann und ich zwei Jahre sp\u00e4ter im Nexus etablierten. Ein KrautNick-Festival fand am 11. M\u00e4rz 2006 ebenfalls im B58 statt, mit M\u00fcller &amp; die Platemeiercombo, Die Weltenretter, WKA und Tanzende Kadaver. Ein technischer Meilenstein war die Umgestaltung von html auf WordPress, erster Text im neuen Layout war von mir \u00fcber Das Vollplaybacktheater, \u201eDie drei Fragezeichen und die Schwarze Katze\u201c in der Lindenhalle zu Wolfenb\u00fcttel im April 2012.<br><br>Olaf war bereits nach einem Dreivierteljahr im Juni 2005 wieder ausgestiegen, um sich seinen Musikprojekten zu widmen, zun\u00e4chst noch Inside Agitator, sp\u00e4ter Blinky Blinky Computerband; als Gast lie\u00df er mich hin und wieder ans Mikro. 2016 steuerte er bisher letztmals Texte bei. Von vielen weiteren Gastautoren erhielt ich Beitr\u00e4ge, die das k\u00fcnstlerische und journalistische Spektrum von KrautNick erweiterten. Als ich mich um 2015 bei Facebook anmeldete und die Artikel auch dort verbreitete, erh\u00f6hte ich die Reichweite der Seite und erhielt mehr und mehr Zusendungen physischer wie digitaler Art aus buchst\u00e4blich aller Welt. Viele virtuelle Freundschaften entstanden so, allen bin ich dankbar f\u00fcr ihr Vertrauen in meine Zuh\u00f6rerschaft. Sie erg\u00e4nzen das lokale Netzwerk hier in und um Braunschweig, das ebenfalls Dank der Aktivit\u00e4ten mit KrautNick feinere Maschen auspr\u00e4gte.<br><br>Trotz vieler Gastbeitr\u00e4ge war KrautNick faktisch ein Allein-Ding f\u00fcr mich. Bis zum Herbst 2022, als Guido wieder mehr Zeit f\u00fcr Rezensionen fand und Onkel Rosebud aus Dresden seine in den Neunzigern und Nullern im dortigen Studentenmagazin \u201ead-rem\u201c gepflegte Kolumne \u201eWas meine Freundin gerne h\u00f6rt\u201c auf KrautNick zur Fortsetzung brachte. Der Kontakt zwischen dem Onkel und Guido und mir ist jetzt 25 Jahre alt und lebte kurz vor Corona erst wieder auf; Grund f\u00fcr den Kontakt waren Beitr\u00e4ge von Guido und mir zu den zwei Anthologien \u201eIch liebe Musik\u201c des Onkels. Deshalb freue ich mich umso mehr, seitdem nicht nur KrautNick als Team voranzutreiben, sondern auch die Geburtstagsfeier bei Radio Okerwelle als Einheit begangen zu haben. Danke euch beiden, danke Euch Lesenden, danke euch anderen Beitragenden, danke euch Kulturg\u00fcterzusendenden \u2013 ohne euch alle w\u00e4re KrautNick nur ein Bruchteil dessen, was es ist: ein Hobby, das Menschen via Leidenschaft verbindet.<\/p>\n","protected":false},"excerpt":{"rendered":"<p>Auf Radio Okerwelle feierten wir am Samstag, 12. Oktober 2024, zu dritt &#8211; Guido D\u00f6rheide, Onkel Rosebud und Matthias Bosenick (\u00fcber die Links erreicht ihr unsere jeweiligen Listen zu 20 Jahre &#8211; 20 Ereignisse!) &#8211; den 20. Geburtstag von KrautNick: &hellip; <a href=\"https:\/\/vanbauseneick.de\/krautnick\/20-jahre-krautnick\/\">Weiterlesen <span class=\"meta-nav\">&rarr;<\/span><\/a><\/p>\n","protected":false},"author":1,"featured_media":0,"parent":0,"menu_order":0,"comment_status":"closed","ping_status":"closed","template":"","meta":{"footnotes":""},"class_list":["post-6819","page","type-page","status-publish","hentry"],"_links":{"self":[{"href":"https:\/\/vanbauseneick.de\/krautnick\/wp-json\/wp\/v2\/pages\/6819","targetHints":{"allow":["GET"]}}],"collection":[{"href":"https:\/\/vanbauseneick.de\/krautnick\/wp-json\/wp\/v2\/pages"}],"about":[{"href":"https:\/\/vanbauseneick.de\/krautnick\/wp-json\/wp\/v2\/types\/page"}],"author":[{"embeddable":true,"href":"https:\/\/vanbauseneick.de\/krautnick\/wp-json\/wp\/v2\/users\/1"}],"replies":[{"embeddable":true,"href":"https:\/\/vanbauseneick.de\/krautnick\/wp-json\/wp\/v2\/comments?post=6819"}],"version-history":[{"count":7,"href":"https:\/\/vanbauseneick.de\/krautnick\/wp-json\/wp\/v2\/pages\/6819\/revisions"}],"predecessor-version":[{"id":6853,"href":"https:\/\/vanbauseneick.de\/krautnick\/wp-json\/wp\/v2\/pages\/6819\/revisions\/6853"}],"wp:attachment":[{"href":"https:\/\/vanbauseneick.de\/krautnick\/wp-json\/wp\/v2\/media?parent=6819"}],"curies":[{"name":"wp","href":"https:\/\/api.w.org\/{rel}","templated":true}]}}