{"id":22,"date":"2012-04-27T00:00:00","date_gmt":"2012-04-26T22:00:00","guid":{"rendered":"http:\/\/vanbauseneick.de\/krautnick\/?page_id=22"},"modified":"2024-12-05T21:43:35","modified_gmt":"2024-12-05T20:43:35","slug":"infos","status":"publish","type":"page","link":"https:\/\/vanbauseneick.de\/krautnick\/infos\/","title":{"rendered":"Impressum"},"content":{"rendered":"\n<p>Guten Tag!<\/p>\n\n\n\n<p>Wir sind unabh\u00e4ngig, unkontrolliert, unkommerziell und machen das, was uns Spa\u00df macht. Wir haben wenige Grenzen und sind dazu bereit, auch diese zu \u00fcberschreiten.<\/p>\n\n\n\n<p><strong>Kraut<\/strong><em>Nick<\/em> ist ein Online-Magazin f\u00fcr Musik und alles, was sonst noch interessant ist. <strong>Kraut<\/strong><em>Nick<\/em> bedient keine Szene und begrenzt sich nicht durch Spartendenken. Was gef\u00e4llt, geht! Ob nun elektronische Musik, Gitarrengeschrammele, Blues oder Techno.<\/p>\n\n\n\n<p>Wir berichten \u00fcber Musik, Film, Literatur und Kunst. Wir \u00e4u\u00dfern unsere Meinung und geben Euch die M\u00f6glichkeit, dieses auch zu tun.<\/p>\n\n\n\n<p>Dank Eurer Hilfe ist <strong>Kraut<\/strong><em>Nick<\/em> eine in alle Richtungen offene Infoplattform, die Spa\u00df macht.<\/p>\n\n\n\n<p>Das <strong>Kraut<\/strong><em>Nick<\/em>-Team<\/p>\n\n\n\n<p>Die Radioparty zum 20. Geburtstag von <strong>Kraut<\/strong><em>Nick<\/em>:<\/p>\n\n\n\n<figure class=\"wp-block-embed is-type-rich is-provider-mixcloud wp-block-embed-mixcloud wp-embed-aspect-21-9 wp-has-aspect-ratio\"><div class=\"wp-block-embed__wrapper\">\n<iframe loading=\"lazy\" hcb-fetch-image-from=\"https:\/\/www.mixcloud.com\/vanbauseneick\/20-jahre-krautnick\/\" title=\"20 Jahre Krautnick\" width=\"100%\" height=\"120\" src=\"https:\/\/www.mixcloud.com\/widget\/iframe\/?feed=https%3A%2F%2Fwww.mixcloud.com%2Fvanbauseneick%2F20-jahre-krautnick%2F&amp;hide_cover=1\" frameborder=\"0\"><\/iframe>\n<\/div><\/figure>\n\n\n\n<p><strong>Autoren und Mitarbeiter (in chronologischer Reihenfolge):<\/strong><\/p>\n\n\n\n<p><span style=\"font-family: Arial, sans-serif;\"><span style=\"font-size: medium;\">Matthias Bosenick<br>Olaf Krautwurst<br>Henning Reuter<br>Guido D\u00f6rheide<br>Olli Zsch\u00f6rnig<br>Thore Schiller<br>Christiane <span style=\"text-decoration: line-through;\">Will<\/span> Fischer<br>Maren Haas<br>Guido H\u00f6rster<br>Michael \u201eSchepper\u201d Schaefer<br>Janna Schiller<br>Klaus Neffgen<br>Alexandra Wolff<br>Henrik Brockelmann<br>Stefanie Krause<br>P<span style=\"color: #000000;\">ernille S\u00f8rensen<br>Nicholas Gregory<br>Olaf Maibaum<br>Marc Domin<br>Nils Koopmann<br>Marc L\u00fccke<br>Michael \u201eArni\u201c Arnold<\/span><br>Onkel Rosebud <\/span><\/span><br><span style=\"font-family: Arial, sans-serif;\"><span style=\"font-size: medium;\">Chrisz Meier <\/span><\/span><\/p>\n\n\n\n<p><span style=\"font-family: Arial, sans-serif;\"><span style=\"font-size: small;\">&nbsp;<\/span><\/span><\/p>\n\n\n\n<hr class=\"wp-block-separator has-alpha-channel-opacity\"\/>\n\n\n\n<p><span style=\"font-family: Arial,sans-serif;\"><span style=\"font-size: small;\"><span style=\"color: #000000;\">&nbsp;<\/span><\/span><\/span><\/p>\n\n\n\n<p>1: Das&nbsp;<strong>Kraut<\/strong><em>Nick<\/em>-Magazin wurde im Oktober 2004 von&nbsp;Olaf <strong>Kraut<\/strong>wurst Matthias Bose<em>Nick<\/em> gegr\u00fcndet.<\/p>\n\n\n\n<p>2. Die Redaktionsanschrift ist: Matthias Bosenick, Juliusstr. 31a, D-38118 Braunschweig, <a href=\"mailto:m-b-b@gmx.de\">eMail<\/a><\/p>\n\n\n\n<p>3. Das&nbsp;<strong>Kraut<\/strong><em>Nick<\/em>-Magazin hat den Schwerpunkt Musik, wobei wir uns aber nicht auf ein Genre festlegen, sondern \u00fcber alles berichten, was wir f\u00fcr interessant halten. Ob nun Electro, Techno, Gitarrengeschrammele oder etwas ganz Anderes, alles hat bei uns eine Chance. Aber auch andere Bereiche, die wir interessant finden, werden abgedeckt. Ob nun Film, Literatur, Kunst, &#8230;, alles ist m\u00f6glich, Hauptsache, es l\u00f6st irgendeine Reaktion aus!<\/p>\n\n\n\n<p>4. Das&nbsp;<strong>Kraut<\/strong><em>Nick<\/em>-Magazin ist eine freie, unabh\u00e4nige und nicht kommerzielle Internetpublikation, die von Fans f\u00fcr Fans gemacht wird. Es gibt keine kommerzielle Ausrichtung, dementsprechend gibt es weder Einnahmen noch Ausgaben. Die durch den Internetauftritt entstehenden Kosten werden aus privaten Mitteln des Betreibers finanziert.<\/p>\n\n\n\n<p>5. Alle im&nbsp;<strong>Kraut<\/strong><em>Nick<\/em>-Magazin ver\u00f6ffentlichten Artikel spiegeln die Meinung des jeweiligen Schreibers wider und k\u00f6nnen von der Meinung anderer Mitarbeiter oder der Betreiber der Publikation abweichen.<\/p>\n\n\n\n<p>6. Die Weiterbenutzung von Artikeln oder anderen Teilen dieser Publikation ist nur mit Genehmigung der Redaktion erlaubt. Die Rechte f\u00fcr diese&nbsp; Inhalte liegen bei den durch eine Kennzeichnung angegebenen Personen oder Firmen (Quellenangabe).<\/p>\n\n\n\n<p>7. F\u00fcr die Richtigkeit aller Angaben wird keine Gew\u00e4hrleistung \u00fcbernommen. Wir versuchen jedoch, mit einem hohen Ma\u00df an Sorgf\u00e4ltigkeit und Genauigkeit zu arbeiten.<\/p>\n\n\n\n<p>8. F\u00fcr Artikel, Infos, Promomaterialien, CDs, mp3s, &#8230;, die wir von Usern der Seite, Labels, Vertrieben, Bands etc. erhalten, kann keine Gew\u00e4hrleistung f\u00fcr die Ver\u00f6ffenlichung im Rahmen dieses Magazines gegeben werden. Wir werden nach Pr\u00fcfung entscheiden, ob wir uns der Sache widmen oder nicht. Da wir aber eine sehr offene Struktur haben, ist die Chance einer Nichtver\u00f6ffentlichung eher gering. Wer also Material f\u00fcr uns hat, kann es uns per <a href=\"mailto:m-b-b@gmx.de\">eMail<\/a> oder per Post an die in Punkt 2 erfragte Adresse schicken. Eine R\u00fccksendung ist allerdings auch im Fall&nbsp; einer Nichtbenutzung nicht m\u00f6glich, da uns keine entsprechenden finanziellen Mittel daf\u00fcr zur Verf\u00fcgung stehen.<\/p>\n\n\n\n<p>9. <strong>Kraut<\/strong><em>Nick<\/em> \u00fcbernimmt keine Verantwortung f\u00fcr verlinkte Seiten. Verantwortlich f\u00fcr diese Seiten sind ausschie\u00dflich deren Betreiber!<\/p>\n\n\n\n<p>10. F\u00fcr Anregungen und Eure Kritik sind wir jederzeit dankbar, um das&nbsp;<strong>Kraut<\/strong><em>Nick<\/em>-Magazin so interessant wie m\u00f6glich f\u00fcr Euch zu gestalten!<\/p>\n\n\n\n<hr class=\"wp-block-separator has-alpha-channel-opacity\"\/>\n\n\n\n<h1 class=\"wp-block-heading\">Impressum<\/h1>\n\n\n\n<h2 class=\"wp-block-heading\">Angaben gem\u00e4\u00df \u00a7 5 TMG:<\/h2>\n\n\n\n<p>Matthias Bosenick<\/p>\n\n\n\n<p>Juliusstra\u00dfe 31a<\/p>\n\n\n\n<p>38118 Braunschweig<\/p>\n\n\n\n<h2 class=\"wp-block-heading\">Kontakt:<\/h2>\n\n\n\n<figure class=\"wp-block-table\"><table class=\"has-fixed-layout\"><tbody><tr><td>Telefon:<\/td><td><\/td><\/tr><tr><td>E-Mail:<\/td><td>m-b-b@gmx.de<\/td><\/tr><\/tbody><\/table><\/figure>\n\n\n\n<h2 class=\"wp-block-heading\">Verantwortlich f\u00fcr den Inhalt nach \u00a7 55 Abs. 2 RStV:<\/h2>\n\n\n\n<p>Matthias Bosenick<\/p>\n\n\n\n<p>Juliusstra\u00dfe 31a<\/p>\n\n\n\n<p>38118 Braunschweig<\/p>\n\n\n\n<h2 class=\"wp-block-heading\">Quellenangaben f\u00fcr die verwendeten Bilder und Grafiken:<\/h2>\n\n\n\n<p>Die Rechte liegen bei den in den Artikeln genannten Autoren.<\/p>\n\n\n\n<p>Quelle: <em><a href=\"http:\/\/www.e-recht24.de\">http:\/\/www.e-recht24.de<\/a><\/em><\/p>\n\n\n\n<hr class=\"wp-block-separator has-alpha-channel-opacity\"\/>\n\n\n\n<h1 class=\"wp-block-heading\">Haftungsausschluss (Disclaimer)<\/h1>\n\n\n\n<p><strong>Haftung f\u00fcr Inhalte<\/strong><\/p>\n\n\n\n<p>Als Diensteanbieter sind wir gem\u00e4\u00df \u00a7 7 Abs.1 TMG f\u00fcr eigene Inhalte auf diesen Seiten nach den allgemeinen Gesetzen verantwortlich. Nach \u00a7\u00a7 8 bis 10 TMG sind wir als Diensteanbieter jedoch nicht verpflichtet, \u00fcbermittelte oder gespeicherte fremde Informationen zu \u00fcberwachen oder nach Umst\u00e4nden zu forschen, die auf eine rechtswidrige T\u00e4tigkeit hinweisen. Verpflichtungen zur Entfernung oder Sperrung der Nutzung von Informationen nach den allgemeinen Gesetzen bleiben hiervon unber\u00fchrt. Eine diesbez\u00fcgliche Haftung ist jedoch erst ab dem Zeitpunkt der Kenntnis einer konkreten Rechtsverletzung m\u00f6glich. Bei Bekanntwerden von entsprechenden Rechtsverletzungen werden wir diese Inhalte umgehend entfernen.<\/p>\n\n\n\n<p><strong>Haftung f\u00fcr Links<\/strong><\/p>\n\n\n\n<p>Unser Angebot enth\u00e4lt Links zu externen Webseiten Dritter, auf deren Inhalte wir keinen Einfluss haben. Deshalb k\u00f6nnen wir f\u00fcr diese fremden Inhalte auch keine Gew\u00e4hr \u00fcbernehmen. F\u00fcr die Inhalte der verlinkten Seiten ist stets der jeweilige Anbieter oder Betreiber der Seiten verantwortlich. Die verlinkten Seiten wurden zum Zeitpunkt der Verlinkung auf m\u00f6gliche Rechtsverst\u00f6\u00dfe \u00fcberpr\u00fcft. Rechtswidrige Inhalte waren zum Zeitpunkt der Verlinkung nicht erkennbar. Eine permanente inhaltliche Kontrolle der verlinkten Seiten ist jedoch ohne konkrete Anhaltspunkte einer Rechtsverletzung nicht zumutbar. Bei Bekanntwerden von Rechtsverletzungen werden wir derartige Links umgehend entfernen.<\/p>\n\n\n\n<p><strong>Urheberrecht<\/strong><\/p>\n\n\n\n<p>Die durch die Seitenbetreiber erstellten Inhalte und Werke auf diesen Seiten unterliegen dem deutschen Urheberrecht. Die Vervielf\u00e4ltigung, Bearbeitung, Verbreitung und jede Art der Verwertung au\u00dferhalb der Grenzen des Urheberrechtes bed\u00fcrfen der schriftlichen Zustimmung des jeweiligen Autors bzw. Erstellers. Downloads und Kopien dieser Seite sind nur f\u00fcr den privaten, nicht kommerziellen Gebrauch gestattet. Soweit die Inhalte auf dieser Seite nicht vom Betreiber erstellt wurden, werden die Urheberrechte Dritter beachtet. Insbesondere werden Inhalte Dritter als solche gekennzeichnet. Sollten Sie trotzdem auf eine Urheberrechtsverletzung aufmerksam werden, bitten wir um einen entsprechenden Hinweis. Bei Bekanntwerden von Rechtsverletzungen werden wir derartige Inhalte umgehend entfernen.<\/p>\n","protected":false},"excerpt":{"rendered":"<p>Guten Tag! Wir sind unabh\u00e4ngig, unkontrolliert, unkommerziell und machen das, was uns Spa\u00df macht. Wir haben wenige Grenzen und sind dazu bereit, auch diese zu \u00fcberschreiten. KrautNick ist ein Online-Magazin f\u00fcr Musik und alles, was sonst noch interessant ist. KrautNick &hellip; <a href=\"https:\/\/vanbauseneick.de\/krautnick\/infos\/\">Weiterlesen <span class=\"meta-nav\">&rarr;<\/span><\/a><\/p>\n","protected":false},"author":1,"featured_media":0,"parent":0,"menu_order":4,"comment_status":"closed","ping_status":"closed","template":"sidebar-page.php","meta":{"footnotes":""},"class_list":["post-22","page","type-page","status-publish","hentry"],"_links":{"self":[{"href":"https:\/\/vanbauseneick.de\/krautnick\/wp-json\/wp\/v2\/pages\/22","targetHints":{"allow":["GET"]}}],"collection":[{"href":"https:\/\/vanbauseneick.de\/krautnick\/wp-json\/wp\/v2\/pages"}],"about":[{"href":"https:\/\/vanbauseneick.de\/krautnick\/wp-json\/wp\/v2\/types\/page"}],"author":[{"embeddable":true,"href":"https:\/\/vanbauseneick.de\/krautnick\/wp-json\/wp\/v2\/users\/1"}],"replies":[{"embeddable":true,"href":"https:\/\/vanbauseneick.de\/krautnick\/wp-json\/wp\/v2\/comments?post=22"}],"version-history":[{"count":33,"href":"https:\/\/vanbauseneick.de\/krautnick\/wp-json\/wp\/v2\/pages\/22\/revisions"}],"predecessor-version":[{"id":7056,"href":"https:\/\/vanbauseneick.de\/krautnick\/wp-json\/wp\/v2\/pages\/22\/revisions\/7056"}],"wp:attachment":[{"href":"https:\/\/vanbauseneick.de\/krautnick\/wp-json\/wp\/v2\/media?parent=22"}],"curies":[{"name":"wp","href":"https:\/\/api.w.org\/{rel}","templated":true}]}}